{"id":412,"date":"2025-01-02T22:34:26","date_gmt":"2025-01-02T20:34:26","guid":{"rendered":"https:\/\/pauli.work\/?page_id=412"},"modified":"2025-01-02T23:15:02","modified_gmt":"2025-01-02T21:15:02","slug":"posts","status":"publish","type":"page","link":"https:\/\/pauli.work\/?page_id=412","title":{"rendered":"Posts"},"content":{"rendered":"\n<div class=\"wp-block-query is-layout-flow wp-block-query-is-layout-flow\"><ul class=\"wp-block-post-template is-layout-flow wp-block-post-template-is-layout-flow\"><li class=\"wp-block-post post-446 post type-post status-publish format-standard has-post-thumbnail hentry category-uncategorized\">\n\n<div class=\"wp-block-columns are-vertically-aligned-center is-layout-flex wp-container-core-columns-is-layout-28f84493 wp-block-columns-is-layout-flex\">\n<div class=\"wp-block-column is-vertically-aligned-center is-layout-flow wp-block-column-is-layout-flow\" style=\"flex-basis:25%\"><figure style=\"aspect-ratio:1;\" class=\"wp-block-post-featured-image\"><a href=\"https:\/\/pauli.work\/?p=446\" target=\"_self\"  ><img loading=\"lazy\" decoding=\"async\" width=\"1200\" height=\"1200\" src=\"https:\/\/pauli.work\/wp-content\/uploads\/2025\/01\/Default-pauli.work_.png\" class=\"attachment-post-thumbnail size-post-thumbnail wp-post-image\" alt=\"Proxmox USB install\" style=\"border-style:none;border-width:0px;width:100%;height:100%;object-fit:contain;box-shadow:none;\" srcset=\"https:\/\/pauli.work\/wp-content\/uploads\/2025\/01\/Default-pauli.work_.png 1200w, https:\/\/pauli.work\/wp-content\/uploads\/2025\/01\/Default-pauli.work_-300x300.png 300w, https:\/\/pauli.work\/wp-content\/uploads\/2025\/01\/Default-pauli.work_-1024x1024.png 1024w, https:\/\/pauli.work\/wp-content\/uploads\/2025\/01\/Default-pauli.work_-150x150.png 150w, https:\/\/pauli.work\/wp-content\/uploads\/2025\/01\/Default-pauli.work_-768x768.png 768w\" sizes=\"auto, (max-width: 1200px) 100vw, 1200px\" \/><\/a><\/figure><\/div>\n\n\n\n<div class=\"wp-block-column is-vertically-aligned-center is-layout-flow wp-block-column-is-layout-flow\" style=\"flex-basis:75%\"><h2 class=\"wp-block-post-title\"><a href=\"https:\/\/pauli.work\/?p=446\" target=\"_self\" >Proxmox USB install<\/a><\/h2>\n\n<div class=\"wp-block-post-excerpt\"><p class=\"wp-block-post-excerpt__excerpt\">If you want to install Proxmox on a USB, for example 16gb stick that &#8220;should&#8221; be possible Mainly this is for if you want to use shared storage between multiple nodes and node&#8217;s dont store VM data. Things to do and watch for Things you need to be careful with. Filling up your root drive.<\/p><p class=\"wp-block-post-excerpt__more-text\"><a class=\"wp-block-post-excerpt__more-link\" href=\"https:\/\/pauli.work\/?p=446\">read more<\/a><\/p><\/div><\/div>\n<\/div>\n\n<\/li><li class=\"wp-block-post post-377 post type-post status-publish format-standard has-post-thumbnail hentry category-uncategorized\">\n\n<div class=\"wp-block-columns are-vertically-aligned-center is-layout-flex wp-container-core-columns-is-layout-28f84493 wp-block-columns-is-layout-flex\">\n<div class=\"wp-block-column is-vertically-aligned-center is-layout-flow wp-block-column-is-layout-flow\" style=\"flex-basis:25%\"><figure style=\"aspect-ratio:1;\" class=\"wp-block-post-featured-image\"><a href=\"https:\/\/pauli.work\/?p=377\" target=\"_self\"  ><img loading=\"lazy\" decoding=\"async\" width=\"640\" height=\"640\" src=\"https:\/\/pauli.work\/wp-content\/uploads\/2024\/12\/Halloween-Candy-OpenZFS.png\" class=\"attachment-post-thumbnail size-post-thumbnail wp-post-image\" alt=\"Proxmox lvm -&gt; zfs mirror conversion\" style=\"border-style:none;border-width:0px;width:100%;height:100%;object-fit:contain;box-shadow:none;\" srcset=\"https:\/\/pauli.work\/wp-content\/uploads\/2024\/12\/Halloween-Candy-OpenZFS.png 640w, https:\/\/pauli.work\/wp-content\/uploads\/2024\/12\/Halloween-Candy-OpenZFS-300x300.png 300w, https:\/\/pauli.work\/wp-content\/uploads\/2024\/12\/Halloween-Candy-OpenZFS-150x150.png 150w\" sizes=\"auto, (max-width: 640px) 100vw, 640px\" \/><\/a><\/figure><\/div>\n\n\n\n<div class=\"wp-block-column is-vertically-aligned-center is-layout-flow wp-block-column-is-layout-flow\" style=\"flex-basis:75%\"><h2 class=\"wp-block-post-title\"><a href=\"https:\/\/pauli.work\/?p=377\" target=\"_self\" >Proxmox lvm -> zfs mirror conversion<\/a><\/h2>\n\n<div class=\"wp-block-post-excerpt\"><p class=\"wp-block-post-excerpt__excerpt\">I Have single drive for my main proxmox node. It has all VM&#8217;s disks. Separate hardware raid has proxmox install. Try first in a VM before proceeding. I mainly created this for my self, when I tried this in a VM. Yet to be done in practice in production. Plug your new drive in and<\/p><p class=\"wp-block-post-excerpt__more-text\"><a class=\"wp-block-post-excerpt__more-link\" href=\"https:\/\/pauli.work\/?p=377\">read more<\/a><\/p><\/div><\/div>\n<\/div>\n\n<\/li><li class=\"wp-block-post post-375 post type-post status-publish format-standard has-post-thumbnail hentry category-uncategorized\">\n\n<div class=\"wp-block-columns are-vertically-aligned-center is-layout-flex wp-container-core-columns-is-layout-28f84493 wp-block-columns-is-layout-flex\">\n<div class=\"wp-block-column is-vertically-aligned-center is-layout-flow wp-block-column-is-layout-flow\" style=\"flex-basis:25%\"><figure style=\"aspect-ratio:1;\" class=\"wp-block-post-featured-image\"><a href=\"https:\/\/pauli.work\/?p=375\" target=\"_self\"  ><img loading=\"lazy\" decoding=\"async\" width=\"1200\" height=\"1200\" src=\"https:\/\/pauli.work\/wp-content\/uploads\/2025\/01\/Default-pauli.work_.png\" class=\"attachment-post-thumbnail size-post-thumbnail wp-post-image\" alt=\"Proxmox live iSCSI LVM resizing\" style=\"border-style:none;border-width:0px;width:100%;height:100%;object-fit:contain;box-shadow:none;\" srcset=\"https:\/\/pauli.work\/wp-content\/uploads\/2025\/01\/Default-pauli.work_.png 1200w, https:\/\/pauli.work\/wp-content\/uploads\/2025\/01\/Default-pauli.work_-300x300.png 300w, https:\/\/pauli.work\/wp-content\/uploads\/2025\/01\/Default-pauli.work_-1024x1024.png 1024w, https:\/\/pauli.work\/wp-content\/uploads\/2025\/01\/Default-pauli.work_-150x150.png 150w, https:\/\/pauli.work\/wp-content\/uploads\/2025\/01\/Default-pauli.work_-768x768.png 768w\" sizes=\"auto, (max-width: 1200px) 100vw, 1200px\" \/><\/a><\/figure><\/div>\n\n\n\n<div class=\"wp-block-column is-vertically-aligned-center is-layout-flow wp-block-column-is-layout-flow\" style=\"flex-basis:75%\"><h2 class=\"wp-block-post-title\"><a href=\"https:\/\/pauli.work\/?p=375\" target=\"_self\" >Proxmox live iSCSI LVM resizing<\/a><\/h2>\n\n<div class=\"wp-block-post-excerpt\"><p class=\"wp-block-post-excerpt__excerpt\">Resizing the LUN I use TrueNAS as my iSCSI host. I have the lvm as a Zvol TrueNAS -> Storage -> PoolsSelect the Volume you have attached to proxmox Increase the value for &#8220;Size for this zvol&#8221;. Only Increasing is allowed through the webui. Proxmox resizing For me the iSCSI drive updated automatically. But if<\/p><p class=\"wp-block-post-excerpt__more-text\"><a class=\"wp-block-post-excerpt__more-link\" href=\"https:\/\/pauli.work\/?p=375\">read more<\/a><\/p><\/div><\/div>\n<\/div>\n\n<\/li><li class=\"wp-block-post post-368 post type-post status-publish format-standard has-post-thumbnail hentry category-uncategorized tag-backups tag-proxmox tag-pve tag-todo\">\n\n<div class=\"wp-block-columns are-vertically-aligned-center is-layout-flex wp-container-core-columns-is-layout-28f84493 wp-block-columns-is-layout-flex\">\n<div class=\"wp-block-column is-vertically-aligned-center is-layout-flow wp-block-column-is-layout-flow\" style=\"flex-basis:25%\"><figure style=\"aspect-ratio:1;\" class=\"wp-block-post-featured-image\"><a href=\"https:\/\/pauli.work\/?p=368\" target=\"_self\"  ><img loading=\"lazy\" decoding=\"async\" width=\"1200\" height=\"1200\" src=\"https:\/\/pauli.work\/wp-content\/uploads\/2025\/01\/Default-pauli.work_.png\" class=\"attachment-post-thumbnail size-post-thumbnail wp-post-image\" alt=\"Proxmox Backup issues\" style=\"border-style:none;border-width:0px;width:100%;height:100%;object-fit:contain;box-shadow:none;\" srcset=\"https:\/\/pauli.work\/wp-content\/uploads\/2025\/01\/Default-pauli.work_.png 1200w, https:\/\/pauli.work\/wp-content\/uploads\/2025\/01\/Default-pauli.work_-300x300.png 300w, https:\/\/pauli.work\/wp-content\/uploads\/2025\/01\/Default-pauli.work_-1024x1024.png 1024w, https:\/\/pauli.work\/wp-content\/uploads\/2025\/01\/Default-pauli.work_-150x150.png 150w, https:\/\/pauli.work\/wp-content\/uploads\/2025\/01\/Default-pauli.work_-768x768.png 768w\" sizes=\"auto, (max-width: 1200px) 100vw, 1200px\" \/><\/a><\/figure><\/div>\n\n\n\n<div class=\"wp-block-column is-vertically-aligned-center is-layout-flow wp-block-column-is-layout-flow\" style=\"flex-basis:75%\"><h2 class=\"wp-block-post-title\"><a href=\"https:\/\/pauli.work\/?p=368\" target=\"_self\" >Proxmox Backup issues<\/a><\/h2>\n\n<div class=\"wp-block-post-excerpt\"><p class=\"wp-block-post-excerpt__excerpt\">Backups is like insurance. If something fails or a fuckup happens, we can count on backups. when I went to do some system updates production systems. Went and did a more recent fresh backup, and then I saw it. Really old backups and no new updates. After finding out Backup not being done, I wanted<\/p><p class=\"wp-block-post-excerpt__more-text\"><a class=\"wp-block-post-excerpt__more-link\" href=\"https:\/\/pauli.work\/?p=368\">read more<\/a><\/p><\/div><\/div>\n<\/div>\n\n<\/li><li class=\"wp-block-post post-4 post type-post status-publish format-standard has-post-thumbnail hentry category-uncategorized\">\n\n<div class=\"wp-block-columns are-vertically-aligned-center is-layout-flex wp-container-core-columns-is-layout-28f84493 wp-block-columns-is-layout-flex\">\n<div class=\"wp-block-column is-vertically-aligned-center is-layout-flow wp-block-column-is-layout-flow\" style=\"flex-basis:25%\"><figure style=\"aspect-ratio:1;\" class=\"wp-block-post-featured-image\"><a href=\"https:\/\/pauli.work\/?p=4\" target=\"_self\"  ><img loading=\"lazy\" decoding=\"async\" width=\"221\" height=\"113\" src=\"https:\/\/pauli.work\/wp-content\/uploads\/2024\/11\/GHcZSoZrdgAiCYb_tmp5jh7e015.png\" class=\"attachment-post-thumbnail size-post-thumbnail wp-post-image\" alt=\".onion avalable\" style=\"border-style:none;border-width:0px;width:100%;height:100%;object-fit:contain;box-shadow:none;\" \/><\/a><\/figure><\/div>\n\n\n\n<div class=\"wp-block-column is-vertically-aligned-center is-layout-flow wp-block-column-is-layout-flow\" style=\"flex-basis:75%\"><h2 class=\"wp-block-post-title\"><a href=\"https:\/\/pauli.work\/?p=4\" target=\"_self\" >.onion avalable<\/a><\/h2>\n\n<div class=\"wp-block-post-excerpt\"><p class=\"wp-block-post-excerpt__excerpt\">Laitin leadseason.eu ja pauli.work domainille .onion toimivuude, koska miks ei. Mik\u00e4 on Tor Tor on anonyymi verkko johon voi liity\u00e4 Tor kykyisell\u00e4 verkko selaimella. Ehdotetty k\u00e4ytt\u00e4m\u00e4\u00e4n Tor browser koska sis\u00e4lt\u00e4\u00e4 valmiiksi paketoituja anonyymisaatio ominaisuuksia. Miten tor verkko toimii Tor otta yhteyden 3 hyppyn kautta. Elikk\u00e4 meid\u00e4n ja palvelimen v\u00e4lill\u00e4 on 3 eri hyppy\u00e4. T\u00e4ll\u00e4 ansaitsemme<\/p><p class=\"wp-block-post-excerpt__more-text\"><a class=\"wp-block-post-excerpt__more-link\" href=\"https:\/\/pauli.work\/?p=4\">read more<\/a><\/p><\/div><\/div>\n<\/div>\n\n<\/li><li class=\"wp-block-post post-399 post type-post status-publish format-standard has-post-thumbnail hentry category-uncategorized tag-disk-resize tag-fs-resize tag-lvm tag-lvm-resize tag-proxmox tag-pve tag-ubuntu\">\n\n<div class=\"wp-block-columns are-vertically-aligned-center is-layout-flex wp-container-core-columns-is-layout-28f84493 wp-block-columns-is-layout-flex\">\n<div class=\"wp-block-column is-vertically-aligned-center is-layout-flow wp-block-column-is-layout-flow\" style=\"flex-basis:25%\"><figure style=\"aspect-ratio:1;\" class=\"wp-block-post-featured-image\"><a href=\"https:\/\/pauli.work\/?p=399\" target=\"_self\"  ><img loading=\"lazy\" decoding=\"async\" width=\"1999\" height=\"1125\" src=\"https:\/\/pauli.work\/wp-content\/uploads\/2025\/01\/broken-hard-drive-873615363.jpeg\" class=\"attachment-post-thumbnail size-post-thumbnail wp-post-image\" alt=\"LVM disk resizing, without reboot.\" style=\"border-style:none;border-width:0px;width:100%;height:100%;object-fit:contain;box-shadow:none;\" srcset=\"https:\/\/pauli.work\/wp-content\/uploads\/2025\/01\/broken-hard-drive-873615363.jpeg 1999w, https:\/\/pauli.work\/wp-content\/uploads\/2025\/01\/broken-hard-drive-873615363-300x169.jpeg 300w, https:\/\/pauli.work\/wp-content\/uploads\/2025\/01\/broken-hard-drive-873615363-1024x576.jpeg 1024w, https:\/\/pauli.work\/wp-content\/uploads\/2025\/01\/broken-hard-drive-873615363-768x432.jpeg 768w, https:\/\/pauli.work\/wp-content\/uploads\/2025\/01\/broken-hard-drive-873615363-1536x864.jpeg 1536w\" sizes=\"auto, (max-width: 1999px) 100vw, 1999px\" \/><\/a><\/figure><\/div>\n\n\n\n<div class=\"wp-block-column is-vertically-aligned-center is-layout-flow wp-block-column-is-layout-flow\" style=\"flex-basis:75%\"><h2 class=\"wp-block-post-title\"><a href=\"https:\/\/pauli.work\/?p=399\" target=\"_self\" >LVM disk resizing, without reboot.<\/a><\/h2>\n\n<div class=\"wp-block-post-excerpt\"><p class=\"wp-block-post-excerpt__excerpt\">Or I wished&#8230; Step 0: Safety Third: First I backed up VM. I can be a bit monkey brain so critical step. Step 1: Changes in the file system: VM off and added 10gb to the disk After booting VM we can verify that the disk has become bigger Step 2: We delete everything 2.1.2025:<\/p><p class=\"wp-block-post-excerpt__more-text\"><a class=\"wp-block-post-excerpt__more-link\" href=\"https:\/\/pauli.work\/?p=399\">read more<\/a><\/p><\/div><\/div>\n<\/div>\n\n<\/li><li class=\"wp-block-post post-300 post type-post status-publish format-standard has-post-thumbnail hentry category-archive category-old-site-archive category-uncategorized\">\n\n<div class=\"wp-block-columns are-vertically-aligned-center is-layout-flex wp-container-core-columns-is-layout-28f84493 wp-block-columns-is-layout-flex\">\n<div class=\"wp-block-column is-vertically-aligned-center is-layout-flow wp-block-column-is-layout-flow\" style=\"flex-basis:25%\"><figure style=\"aspect-ratio:1;\" class=\"wp-block-post-featured-image\"><a href=\"https:\/\/pauli.work\/?p=300\" target=\"_self\"  ><img loading=\"lazy\" decoding=\"async\" width=\"2560\" height=\"1440\" src=\"https:\/\/pauli.work\/wp-content\/uploads\/2024\/11\/term-1.png\" class=\"attachment-post-thumbnail size-post-thumbnail wp-post-image\" alt=\"Palvelimet, Verkot, ja Tietokoneet: Homelab\" style=\"border-style:none;border-width:0px;width:100%;height:100%;object-fit:contain;box-shadow:none;\" srcset=\"https:\/\/pauli.work\/wp-content\/uploads\/2024\/11\/term-1.png 2560w, https:\/\/pauli.work\/wp-content\/uploads\/2024\/11\/term-1-300x169.png 300w, https:\/\/pauli.work\/wp-content\/uploads\/2024\/11\/term-1-1024x576.png 1024w, https:\/\/pauli.work\/wp-content\/uploads\/2024\/11\/term-1-768x432.png 768w, https:\/\/pauli.work\/wp-content\/uploads\/2024\/11\/term-1-1536x864.png 1536w, https:\/\/pauli.work\/wp-content\/uploads\/2024\/11\/term-1-2048x1152.png 2048w\" sizes=\"auto, (max-width: 2560px) 100vw, 2560px\" \/><\/a><\/figure><\/div>\n\n\n\n<div class=\"wp-block-column is-vertically-aligned-center is-layout-flow wp-block-column-is-layout-flow\" style=\"flex-basis:75%\"><h2 class=\"wp-block-post-title\"><a href=\"https:\/\/pauli.work\/?p=300\" target=\"_self\" >Palvelimet, Verkot, ja Tietokoneet: Homelab<\/a><\/h2>\n\n<div class=\"wp-block-post-excerpt\"><p class=\"wp-block-post-excerpt__excerpt\">Tieto voi olla v\u00e4h\u00e4n vanhaa.Nyky\u00e4\u00e4n on v\u00e4h\u00e4n monimutkaisempi kotiverkko j\u00e4rjestelm\u00e4 Homelab on termi, joka annetaan kotona toimivalle palvelimelle tai palvelimille. jossa py\u00f6rit\u00e4\u00e4 useita sovelluksia ja virtualisoituja j\u00e4rjestelmi\u00e4 testausta ja kehityst\u00e4 tai koti- ja toiminnallista k\u00e4ytt\u00f6\u00e4 varten. Palvelimet voivat olla vanha tai nykyinen tietokone, l\u00e4pp\u00e4ri, rasberry pi tai jopa yritysten vanhat palvelimet. Minun homelab Olen rakentanut<\/p><p class=\"wp-block-post-excerpt__more-text\"><a class=\"wp-block-post-excerpt__more-link\" href=\"https:\/\/pauli.work\/?p=300\">read more<\/a><\/p><\/div><\/div>\n<\/div>\n\n<\/li><li class=\"wp-block-post post-332 post type-post status-publish format-standard has-post-thumbnail hentry category-archive category-old-site-archive category-uncategorized\">\n\n<div class=\"wp-block-columns are-vertically-aligned-center is-layout-flex wp-container-core-columns-is-layout-28f84493 wp-block-columns-is-layout-flex\">\n<div class=\"wp-block-column is-vertically-aligned-center is-layout-flow wp-block-column-is-layout-flow\" style=\"flex-basis:25%\"><figure style=\"aspect-ratio:1;\" class=\"wp-block-post-featured-image\"><a href=\"https:\/\/pauli.work\/?p=332\" target=\"_self\"  ><img loading=\"lazy\" decoding=\"async\" width=\"872\" height=\"659\" src=\"https:\/\/pauli.work\/wp-content\/uploads\/2024\/11\/dudeLogoCAD.png\" class=\"attachment-post-thumbnail size-post-thumbnail wp-post-image\" alt=\"3D printing huolto ja ottoon k\u00e4ytt\u00f6\" style=\"border-style:none;border-width:0px;width:100%;height:100%;object-fit:contain;box-shadow:none;\" srcset=\"https:\/\/pauli.work\/wp-content\/uploads\/2024\/11\/dudeLogoCAD.png 872w, https:\/\/pauli.work\/wp-content\/uploads\/2024\/11\/dudeLogoCAD-300x227.png 300w, https:\/\/pauli.work\/wp-content\/uploads\/2024\/11\/dudeLogoCAD-768x580.png 768w\" sizes=\"auto, (max-width: 872px) 100vw, 872px\" \/><\/a><\/figure><\/div>\n\n\n\n<div class=\"wp-block-column is-vertically-aligned-center is-layout-flow wp-block-column-is-layout-flow\" style=\"flex-basis:75%\"><h2 class=\"wp-block-post-title\"><a href=\"https:\/\/pauli.work\/?p=332\" target=\"_self\" >3D printing huolto ja ottoon k\u00e4ytt\u00f6<\/a><\/h2>\n\n<div class=\"wp-block-post-excerpt\"><p class=\"wp-block-post-excerpt__excerpt\">T\u00e4m\u00e4 on vanhalta sivustolta. Tieto voi olla vanhaa. Kun aloitin dude projectissa huoneessa oli 3d tulostin jota ei ollut k\u00e4tt\u00f6 kunnossa. 3D tulostin oli eryone thinker v2Pikkusen tutkimuksen j\u00e4lkeen havaitsin 3D tulostimen throat oli mennyt kahtia. l\u00f6ysin eryone sivustolta tinker se versiolle. Throat n\u00e4ytti kuvassa aika samalta kuin koneesa oleva niin ostetiin.Osa tuliva pariviikoa my\u00f6hemmin<\/p><p class=\"wp-block-post-excerpt__more-text\"><a class=\"wp-block-post-excerpt__more-link\" href=\"https:\/\/pauli.work\/?p=332\">read more<\/a><\/p><\/div><\/div>\n<\/div>\n\n<\/li><\/ul>\n\n\n<div style=\"height:26px\" aria-hidden=\"true\" class=\"wp-block-spacer\"><\/div>\n\n\n<\/div>\n","protected":false},"excerpt":{"rendered":"","protected":false},"author":1,"featured_media":0,"parent":0,"menu_order":0,"comment_status":"closed","ping_status":"closed","template":"","meta":{"footnotes":""},"class_list":["post-412","page","type-page","status-publish","hentry"],"_links":{"self":[{"href":"https:\/\/pauli.work\/index.php?rest_route=\/wp\/v2\/pages\/412","targetHints":{"allow":["GET"]}}],"collection":[{"href":"https:\/\/pauli.work\/index.php?rest_route=\/wp\/v2\/pages"}],"about":[{"href":"https:\/\/pauli.work\/index.php?rest_route=\/wp\/v2\/types\/page"}],"author":[{"embeddable":true,"href":"https:\/\/pauli.work\/index.php?rest_route=\/wp\/v2\/users\/1"}],"replies":[{"embeddable":true,"href":"https:\/\/pauli.work\/index.php?rest_route=%2Fwp%2Fv2%2Fcomments&post=412"}],"version-history":[{"count":10,"href":"https:\/\/pauli.work\/index.php?rest_route=\/wp\/v2\/pages\/412\/revisions"}],"predecessor-version":[{"id":434,"href":"https:\/\/pauli.work\/index.php?rest_route=\/wp\/v2\/pages\/412\/revisions\/434"}],"wp:attachment":[{"href":"https:\/\/pauli.work\/index.php?rest_route=%2Fwp%2Fv2%2Fmedia&parent=412"}],"curies":[{"name":"wp","href":"https:\/\/api.w.org\/{rel}","templated":true}]}}